{"id":26,"date":"2008-05-15T12:38:10","date_gmt":"2008-05-15T10:38:10","guid":{"rendered":"http:\/\/www.bibliotheksurteile.de\/?page_id=26"},"modified":"2021-08-19T21:27:01","modified_gmt":"2021-08-19T20:27:01","slug":"wir-uber-uns","status":"publish","type":"page","link":"https:\/\/www.bibliotheksurteile.de\/?page_id=26","title":{"rendered":"Wir \u00fcber uns"},"content":{"rendered":"<p>Studierende des <a href=\"https:\/\/www.haw-hamburg.de\/hochschule\/design-medien-und-information\/departments\/information\/\" title=\"Department Information der HAW Hamburg\" class=\"liexternal\">Departments Information<\/a> der <a href=\"http:\/\/www.haw-hamburg.de\" title=\"HAW Hamburg\" class=\"liexternal\">HAW Hamburg<\/a> haben im Rahmen des Seminars \u201eUrheber- und Bibliotheksrecht unter Leitung von Prof. Dr. Ulrike Verch den Internetauftritt <a href=\"http:\/\/www.bibliotheksurteile.de\" class=\"linkification-ext\" title=\"Linkification: http:\/\/www.bibliotheksurteile.de\">www.bibliotheksurteile.de<\/a> erstellt. Es ist die erste Sammlung deutscher Gerichtsurteile zum Bibliotheksrecht, die frei im Netz zug\u00e4nglich ist. Die Website ist seit Mai 2008 online und soll Bibliothekaren, Bibliotheksnutzern, Studierenden und weiteren Rechtsinteressierten Hilfe im Umgang mit bibliotheksrechtlichen Fragen bieten.<\/p>\n<p>Um nicht gegen das Urheberrecht zu versto\u00dfen, konnten nur wenige Leits\u00e4tze mit eindeutigem amtlichen Ursprung in dieser Sammlung ver\u00f6ffentlicht werden. Im \u00fcbrigen sind die Entscheidungen gem\u00e4\u00df \u00a7 5 UrhG urheberrechtlich nicht gesch\u00fctzt. Deshalb d\u00fcrfen die Urteile, aber auch gerne die im Rahmen dieses Projektes verfassten Abstracts und Tags, von jedermann weiter verwendet werden.<\/p>\n<p>Die Sammlung wird kontinuierlich ausgebaut. <strong>M\u00f6chten Sie mitmachen? Wir freuen uns, wenn Sie weitere Entscheidungen zur Erg\u00e4nzung unseres Webangebots beitragen!<\/strong> Die Anonymisierung der Entscheidungen k\u00f6nnen wir gew\u00e4hrleisten. <a href=\"mailto:ulrike.verch@haw-hamburg.de\" title=\"E-Mail an Prof. Dr. Ulrike Verch\" class=\"limailto\">Kontaktieren<\/a> Sie uns bitte, wenn Sie uns Gerichtsurteile zur Verf\u00fcgung stellen oder Anregungen und Kritik \u00e4u\u00dfern m\u00f6chten.<\/p>\n<blockquote><p><strong>An der Erstellung dieser Urteilssammlung haben folgende Studierende tatkr\u00e4ftig mitgewirkt, im Sommersemester 2008:<\/strong><br \/>\nEleonora Beutelspacher, Alexander Dehne, Sylvia Fabricius-Wiese, Konstantin Guratzsch, Annika Hager, Dagne Hansen, Jennifer Huber, Hanna Kottwitz, Tatjana Kraft, Sintija Krastina, Tina Krause, Saskia Kussin, Lars Otteken, Stefanie Ritter, Peter Schindler, Simon Schmidt, Anne-Marie Sch\u00f6n, Kerstin Siedtmann, Silvia Str\u00f6tgen, Maria T\u00e4dcke, Birga Vrana v. Rauch.<\/p>\n<p><strong>im Wintersemester 2008\/09:<br \/>\n<\/strong>Wiebke Behrens, Niklas Dammeier, Christoph Fink, Maike Fresenborg, Lisa Grundtke, Fiona Hansen, Anja Linke, Anneke L\u00fchr, Henrik Klu\u00dfmeyer, Marcus Kupka, Aiko Tobias Saathoff, Elina Sachse, Elena Schamber, Thomas Schertler, Daniel Schmidt, Susanne Schneider, S\u00f6ren Schubert, Martin Waschner, Stefanie Weber, Stefanie Wesche<\/p>\n<p><strong>im Sommersemester 2009:<br \/>\n<\/strong>Regina Adam, Stefanie Auras, David Br\u00e4utigam, Ramon Budde, Manja Biedermann, Inga Donaszewski, Beate Graner, Vesela Gyaurova, Cornelia Jochem,\u00a0 Sanja Kelava, Anja Knoll, Olaf K\u00f6nig, Robert Oehlert, Maja Schr\u00f6der, Joachim Seifert, Balder Thomsen<strong>, <\/strong>Julia Thor<\/p>\n<p><strong>im Sommersemester 2010:<br \/>\n<\/strong>Annette Brose, Petra Glass, Sandra H\u00e4se, Nathalie J\u00e4ger, Isabelle J\u00e4hrig, Kathleen Kretschmer, Ruth Leibbrand, Anne Meyer, Frank Pierstorf, Martin Plate, Vera Radau, Vanessa Raschke, Maria Schumann, Julia Thalmann, Katharina Wall<\/p>\n<p><strong>im Sommersemester 2011:<br \/>\n<\/strong>Naomi Banek, Jan Behrens, David Fechner, Svenja Fieting, Tina Heimann, Elisabeth Heinemann, Sylvia Huber, Wilm John, Helena Kohler, Inga Lange, Antje Meuser, Yvonne M\u00f6nkediek, Sebastian Paul, Daniela Reuper, Gernot Schneider, Ulrike Seidel, Patrick Siekendiek, Britta Steffen, Stefan Tiedemann, Ewa Zuse<\/p>\n<p><strong>im Sommersemester 2013:<br \/>\n<\/strong>Marisa Behne, Gisela Burghausen, Birte Br\u00fcgmann, Margarethe Epp, Ines Ewald, Stefan Funk-Haas, Ricarda Garg, Eva-Maria Garvert, Juliane Haase, Konstantin Herms, Friederike Hohlfeld, Melanie Kewitz, Anna Maria Kemper, Amelie Kroll, Tabea Laue, Verena Leonhardt, Alexandra Linhart, Mona Meibauer, Rebecca Mehl, Bettina Schr\u00f6der, Mara Schulze, Kai Voss<\/p>\n<p><strong>Ein besonderer Dank geb\u00fchrt:<\/strong><br \/>\nMiriam Stenger, Jasmin Meincke, Frank Pierstorf, Marcel Stehle, J\u00f6rg Schmitt, Viktoriya Levenko, Franziskus Geeb und Lutz Gollan.<\/p><\/blockquote>\n","protected":false},"excerpt":{"rendered":"<p>Studierende des Departments Information der HAW Hamburg haben im Rahmen des Seminars \u201eUrheber- und Bibliotheksrecht unter Leitung von Prof. Dr. Ulrike Verch den Internetauftritt www.bibliotheksurteile.de erstellt. Es ist die erste Sammlung deutscher Gerichtsurteile zum Bibliotheksrecht, die frei im Netz zug\u00e4nglich ist. Die Website ist seit Mai 2008 online und soll Bibliothekaren, Bibliotheksnutzern, Studierenden und weiteren [&hellip;]<\/p>\n","protected":false},"author":1,"featured_media":0,"parent":0,"menu_order":3,"comment_status":"closed","ping_status":"open","template":"","meta":[],"_links":{"self":[{"href":"https:\/\/www.bibliotheksurteile.de\/index.php?rest_route=\/wp\/v2\/pages\/26"}],"collection":[{"href":"https:\/\/www.bibliotheksurteile.de\/index.php?rest_route=\/wp\/v2\/pages"}],"about":[{"href":"https:\/\/www.bibliotheksurteile.de\/index.php?rest_route=\/wp\/v2\/types\/page"}],"author":[{"embeddable":true,"href":"https:\/\/www.bibliotheksurteile.de\/index.php?rest_route=\/wp\/v2\/users\/1"}],"replies":[{"embeddable":true,"href":"https:\/\/www.bibliotheksurteile.de\/index.php?rest_route=%2Fwp%2Fv2%2Fcomments&post=26"}],"version-history":[{"count":22,"href":"https:\/\/www.bibliotheksurteile.de\/index.php?rest_route=\/wp\/v2\/pages\/26\/revisions"}],"predecessor-version":[{"id":4844,"href":"https:\/\/www.bibliotheksurteile.de\/index.php?rest_route=\/wp\/v2\/pages\/26\/revisions\/4844"}],"wp:attachment":[{"href":"https:\/\/www.bibliotheksurteile.de\/index.php?rest_route=%2Fwp%2Fv2%2Fmedia&parent=26"}],"curies":[{"name":"wp","href":"https:\/\/api.w.org\/{rel}","templated":true}]}}