{"id":4418,"date":"2019-09-17T12:39:27","date_gmt":"2019-09-17T10:39:27","guid":{"rendered":"http:\/\/www.bibliotheksurteile.de\/?page_id=4418"},"modified":"2020-06-22T20:10:36","modified_gmt":"2020-06-22T19:10:36","slug":"datenschutz","status":"publish","type":"page","link":"https:\/\/www.bibliotheksurteile.de\/?page_id=4418","title":{"rendered":"Datenschutz"},"content":{"rendered":"<p>Die Nutzung unserer Webseite ist in der Regel ohne Angabe personenbezogener Daten m\u00f6glich. Soweit auf unseren Seiten personenbezogene Daten (IP-Adressen) erhoben werden, erfolgt dies nur\u00a0zur Gew\u00e4hrleistung der Funktionen unserer Website. Die Daten werden nicht gespeichert.<\/p>\n<p><strong>Verantwortlichkeit:<\/strong><br \/>Rechtlich verantwortlich f\u00fcr diese Website ist die Hochschule f\u00fcr Angewandte Wissenschaften (HAW Hamburg), Berliner Tor 5, 20099 Hamburg, Tel.: +49.40.42875-0, Fax: +49.40.42875-9149. Die HAW Hamburg ist eine K\u00f6rperschaft des \u00d6ffentlichen Rechts. Sie wird gesetzlich vertreten durch Prof. Dr. Micha Teuscher, Pr\u00e4sident der HAW Hamburg, Berliner Tor 5, 20099 Hamburg.<\/p>\n<p><strong>Inhaltlich verantwortlich:<\/strong><br \/>Department Information, Fakult\u00e4t Design Medien Information<br \/>Prof. Dr. Ulrike Verch<br \/>Finkenau 35; 22081 Hamburg<\/p>\n<p><strong>Kontaktdaten der Datenschutzbeauftragten der HAW Hamburg:<\/strong><br \/>datenschutz nord GmbH<br \/>Konsul-Smidt-Stra\u00dfe 88<br \/>28217 Bremen<br \/>http:\/\/www.datenschutz-nord-gruppe.de<br \/>E-Mail: office@datenschutz-nord.de<\/p>\n<p>Unter den angegebenen Kontaktdaten\u00a0k\u00f6nnen Sie uns jederzeit gerne kontaktieren und eure Betroffenenrechte, falls notwendig, aus\u00fcben. Sie k\u00f6nnen unter anderem von unserer Hochschule verlangen:<\/p>\n<ul>\n<li>Auskunft dar\u00fcber, ob wir Daten von Ihnen verarbeiten oder speichern.<\/li>\n<li>Berichtigung von unrichtigen personenbezogenen Daten (sofern wir diese gespeichert haben),<\/li>\n<li>L\u00f6schung Ihren personenbezogenen Daten (sofern wir diese gespeichert haben),<\/li>\n<li>Widerspruch gegen die Verarbeitung Ihrer Daten (sofern wir diese gespeichert haben).<\/li>\n<\/ul>\n<p><strong>Erfassung allgemeiner Informationen beim Besuch unserer Website<\/strong><\/p>\n<p>Wenn Sie auf unsere Website gehen, werden automatisch mittels eines Cookies Informationen allgemeiner Natur erfasst. Diese Informationen (Server-Logfiles) beinhalten etwa die Art des Webbrowsers, das verwendete Betriebssystem, den Domainnamen Eures Internet-Service-Providers und \u00e4hnliches. Hierbei handelt es sich ausschlie\u00dflich um Informationen, welche keine R\u00fcckschl\u00fcsse auf Ihre Person zulassen.<\/p>\n<p>Diese Informationen sind technisch notwendig, um die angeforderte Inhalte von Webseiten korrekt auszuliefern und fallen bei Nutzung des Internets zwingend an. Sie werden insbesondere zu folgenden Zwecken verarbeitet:<\/p>\n<ul>\n<li>Sicherstellung eines problemlosen Verbindungsaufbaus der Website,<\/li>\n<li>Sicherstellung einer reibungslosen Nutzung unserer Website,<\/li>\n<li>Auswertung der Systemsicherheit und -stabilit\u00e4t sowie<\/li>\n<li>zu weiteren administrativen Zwecken.<\/li>\n<\/ul>\n<p>Wir verwenden\u00a0die Daten nicht, um R\u00fcckschl\u00fcsse auf Ihre Person zu ziehen. Die Daten werden auch nicht dauerhaft gespeichert oder\u00a0an Dritte weitergegeben.<\/p>\n<p>\u00a0<\/p>\n<p><strong>Kontakt:<\/strong><\/p>\n<p>Wenn Sie weitere\u00a0Fragen zum Datenschutz haben,\u00a0k\u00f6nnen Sie sich gerne\u00a0an die Datenschutzbeauftragte der HAW Hamburg wenden: datenschutz(@)haw-hamburg.de<\/p>\n\n\n<p><\/p>\n","protected":false},"excerpt":{"rendered":"<p>Die Nutzung unserer Webseite ist in der Regel ohne Angabe personenbezogener Daten m\u00f6glich. Soweit auf unseren Seiten personenbezogene Daten (IP-Adressen) erhoben werden, erfolgt dies nur\u00a0zur Gew\u00e4hrleistung der Funktionen unserer Website. Die Daten werden nicht gespeichert. Verantwortlichkeit:Rechtlich verantwortlich f\u00fcr diese Website ist die Hochschule f\u00fcr Angewandte Wissenschaften (HAW Hamburg), Berliner Tor 5, 20099 Hamburg, Tel.: +49.40.42875-0, [&hellip;]<\/p>\n","protected":false},"author":115,"featured_media":0,"parent":0,"menu_order":0,"comment_status":"closed","ping_status":"open","template":"","meta":[],"_links":{"self":[{"href":"https:\/\/www.bibliotheksurteile.de\/index.php?rest_route=\/wp\/v2\/pages\/4418"}],"collection":[{"href":"https:\/\/www.bibliotheksurteile.de\/index.php?rest_route=\/wp\/v2\/pages"}],"about":[{"href":"https:\/\/www.bibliotheksurteile.de\/index.php?rest_route=\/wp\/v2\/types\/page"}],"author":[{"embeddable":true,"href":"https:\/\/www.bibliotheksurteile.de\/index.php?rest_route=\/wp\/v2\/users\/115"}],"replies":[{"embeddable":true,"href":"https:\/\/www.bibliotheksurteile.de\/index.php?rest_route=%2Fwp%2Fv2%2Fcomments&post=4418"}],"version-history":[{"count":16,"href":"https:\/\/www.bibliotheksurteile.de\/index.php?rest_route=\/wp\/v2\/pages\/4418\/revisions"}],"predecessor-version":[{"id":4739,"href":"https:\/\/www.bibliotheksurteile.de\/index.php?rest_route=\/wp\/v2\/pages\/4418\/revisions\/4739"}],"wp:attachment":[{"href":"https:\/\/www.bibliotheksurteile.de\/index.php?rest_route=%2Fwp%2Fv2%2Fmedia&parent=4418"}],"curies":[{"name":"wp","href":"https:\/\/api.w.org\/{rel}","templated":true}]}}