{"id":6,"date":"2008-04-02T16:36:53","date_gmt":"2008-04-02T16:36:53","guid":{"rendered":"http:\/\/bibliotheksurteile.wordpress.com\/startseite\/impressum\/"},"modified":"2020-06-18T19:46:54","modified_gmt":"2020-06-18T18:46:54","slug":"impressum","status":"publish","type":"page","link":"https:\/\/www.bibliotheksurteile.de\/?page_id=6","title":{"rendered":"Impressum"},"content":{"rendered":"<p>Inhaltlich Verantwortliche:<\/p>\n<p>Prof. Dr. Ulrike Verch<br \/>\nKontakt: ulrike.verch@haw-hamburg.de<\/p>\n<p>c\/o Hochschule f\u00fcr Angewandte Wissenschaften Hamburg<br \/>\nFakult\u00e4t Design, Medien und Information<br \/>\nDepartment Information<br \/>\nFinkenau 35<br \/>\n22081 Hamburg<\/p>\n<p>Seminar: Urheber-\/Bibliotheksrecht<br \/>\nAnsprechpartnerin\/Seminarleiterin: Prof. Dr. Ulrike Verch<\/p>\n<p class=\"bodytext\"><span style=\"text-decoration: underline;\">Haftungsausschluss:<\/span><\/p>\n<p class=\"bodytext\">Trotz sorgf\u00e4ltiger inhaltlicher Kontrolle \u00fcbernehmen wir keine Haftung f\u00fcr die Inhalte externer Links. F\u00fcr den Inhalt der verlinkten Seiten sind ausschlie\u00dflich deren Betreiber verantwortlich.<\/p>\n<p class=\"bodytext\">Bei Fragen und Problemen nehmen Sie bitte umgehend Kontakt auf.<\/p>\n<p><span style=\"color: #ff6600;\"><strong>Erkl\u00e4rungen zum Datenschutz finden Sie <a href=\"http:\/\/www.bibliotheksurteile.de\/?page_id=4418http:\/\/\" title=\"Datenschutz\" class=\"liinternal\"><span style=\"color: #ff6600;\">hier<\/span><\/a>.<\/strong><\/span><\/p>\n","protected":false},"excerpt":{"rendered":"<p>Inhaltlich Verantwortliche: Prof. Dr. Ulrike Verch Kontakt: ulrike.verch@haw-hamburg.de c\/o Hochschule f\u00fcr Angewandte Wissenschaften Hamburg Fakult\u00e4t Design, Medien und Information Department Information Finkenau 35 22081 Hamburg Seminar: Urheber-\/Bibliotheksrecht Ansprechpartnerin\/Seminarleiterin: Prof. Dr. Ulrike Verch Haftungsausschluss: Trotz sorgf\u00e4ltiger inhaltlicher Kontrolle \u00fcbernehmen wir keine Haftung f\u00fcr die Inhalte externer Links. F\u00fcr den Inhalt der verlinkten Seiten sind ausschlie\u00dflich deren [&hellip;]<\/p>\n","protected":false},"author":5,"featured_media":0,"parent":0,"menu_order":3,"comment_status":"closed","ping_status":"closed","template":"","meta":[],"_links":{"self":[{"href":"https:\/\/www.bibliotheksurteile.de\/index.php?rest_route=\/wp\/v2\/pages\/6"}],"collection":[{"href":"https:\/\/www.bibliotheksurteile.de\/index.php?rest_route=\/wp\/v2\/pages"}],"about":[{"href":"https:\/\/www.bibliotheksurteile.de\/index.php?rest_route=\/wp\/v2\/types\/page"}],"author":[{"embeddable":true,"href":"https:\/\/www.bibliotheksurteile.de\/index.php?rest_route=\/wp\/v2\/users\/5"}],"replies":[{"embeddable":true,"href":"https:\/\/www.bibliotheksurteile.de\/index.php?rest_route=%2Fwp%2Fv2%2Fcomments&post=6"}],"version-history":[{"count":6,"href":"https:\/\/www.bibliotheksurteile.de\/index.php?rest_route=\/wp\/v2\/pages\/6\/revisions"}],"predecessor-version":[{"id":4842,"href":"https:\/\/www.bibliotheksurteile.de\/index.php?rest_route=\/wp\/v2\/pages\/6\/revisions\/4842"}],"wp:attachment":[{"href":"https:\/\/www.bibliotheksurteile.de\/index.php?rest_route=%2Fwp%2Fv2%2Fmedia&parent=6"}],"curies":[{"name":"wp","href":"https:\/\/api.w.org\/{rel}","templated":true}]}}